{"id":8,"date":"2022-02-23T16:26:07","date_gmt":"2022-02-23T16:26:07","guid":{"rendered":"https:\/\/dachdecker-hanika.de\/?page_id=8"},"modified":"2022-02-26T16:06:32","modified_gmt":"2022-02-26T16:06:32","slug":"about","status":"publish","type":"page","link":"https:\/\/dachdecker-hanika.de\/index.php\/about\/","title":{"rendered":"\u00dcber uns"},"content":{"rendered":"\n\n\t<h2>Dachdeckerei Hanika<\/h2>\n<p>Familienbetrieb seit 1889. Wir sind Ihr\u00a0kompetenter Fachmann, ob Reparatur- oder Neubauleistungen f\u00fcr Steil- und Flachd\u00e4cher, Dachentw\u00e4sserungsarbeiten in Aluminium, Zink oder Kupfer,\u00a0Gr\u00fcnd\u00e4cher, Dachfl\u00e4chenfenstereinbau, Terrassenabdichtungen,\u00a0Industried\u00e4cher.<\/p>\nAuch im Sinne des wachsenden Umweltbewusstseins ist die Firma Ihre Adresse bei der fachgerechten Ausf\u00fchrung von individuellen Gr\u00fcnd\u00e4chern.<br \/>\nDie Zimmerei und der Holzbau runden die gro\u00dfe Leistungspalette ab.\n<p>Unser Team besteht z.Z. aus 4 motivierten gut geschulten Mitarbeitern die ihre Arbeiten fachgerecht und gewissenhaft erledigen.<\/p>\n<p>Wir w\u00fcrden uns freuen, wenn wir auch f\u00fcr Sie t\u00e4tig werden k\u00f6nnten, um Ihre Geb\u00e4ude mit allen uns zur Verf\u00fcgung stehenden Mitteln zu versch\u00f6nern.<\/p>\n<h2>Unsere Zertifizierungen<\/h2>\n<p>&nbsp;<\/p>\n\t\t\t\t<img decoding=\"async\" src=\"https:\/\/dachdecker-hanika.de\/wp-content\/plugins\/beaver-builder-lite-version\/img\/pixel.png\" alt=\"\" itemprop=\"image\" onerror=\"this.style.display='none'\"  \/>\n\t\t\t\t<a href=\"https:\/\/dachdecker-hanika.de\/wp-content\/uploads\/2022\/02\/Meisterbrief.png\" target=\"_self\" itemprop=\"url\" rel=\"noopener\">\n\t\t\t\t<img loading=\"lazy\" decoding=\"async\" src=\"https:\/\/dachdecker-hanika.de\/wp-content\/uploads\/2022\/02\/Meisterbrief-150x150.png\" alt=\"Meisterbrief\" itemprop=\"image\" height=\"150\" width=\"150\" title=\"Meisterbrief\" onerror=\"this.style.display='none'\"  \/>\n\t\t\t\t<\/a>\n\t\tMeisterbrief\n\t\t\t\t<a href=\"https:\/\/dachdecker-hanika.de\/wp-content\/uploads\/2022\/02\/Zertifikat_TRGS519_4.png\" target=\"_self\" itemprop=\"url\" rel=\"noopener\">\n\t\t\t\t<img loading=\"lazy\" decoding=\"async\" src=\"https:\/\/dachdecker-hanika.de\/wp-content\/uploads\/2022\/02\/Zertifikat_TRGS519_4-150x150.png\" alt=\"Zertifikat TRGS 519\/4\" itemprop=\"image\" height=\"150\" width=\"150\" title=\"Zertifikat TRGS 519\/4\" onerror=\"this.style.display='none'\"  \/>\n\t\t\t\t<\/a>\n\t\tZertifikat TRGS 519\/4\n\t\t\t\t<a href=\"https:\/\/dachdecker-hanika.de\/wp-content\/uploads\/2022\/02\/Zertifikat_Eternit.png\" target=\"_self\" itemprop=\"url\" rel=\"noopener\">\n\t\t\t\t<img loading=\"lazy\" decoding=\"async\" src=\"https:\/\/dachdecker-hanika.de\/wp-content\/uploads\/2022\/02\/Zertifikat_Eternit-150x150.png\" alt=\"Zertifikat Eternit\" itemprop=\"image\" height=\"150\" width=\"150\" title=\"Zertifikat Eternit\" onerror=\"this.style.display='none'\"  \/>\n\t\t\t\t<\/a>\n\t\tZertifikat Eternit\n\t\t\t\t<a href=\"https:\/\/dachdecker-hanika.de\/wp-content\/uploads\/2022\/02\/Zertifikat_Kehllehrgang.png\" target=\"_self\" itemprop=\"url\" rel=\"noopener\">\n\t\t\t\t<img loading=\"lazy\" decoding=\"async\" src=\"https:\/\/dachdecker-hanika.de\/wp-content\/uploads\/2022\/02\/Zertifikat_Kehllehrgang-150x150.png\" alt=\"Zertifikat Kehllehrgang\" itemprop=\"image\" height=\"150\" width=\"150\" title=\"Zertifikat Kehllehrgang\" onerror=\"this.style.display='none'\"  \/>\n\t\t\t\t<\/a>\n\t\tZertifikat Kehllehrgang\n\t\t\t\t<a href=\"https:\/\/dachdecker-hanika.de\/wp-content\/uploads\/2022\/02\/Zertifikat_Velux.png\" target=\"_self\" itemprop=\"url\" rel=\"noopener\">\n\t\t\t\t<img loading=\"lazy\" decoding=\"async\" src=\"https:\/\/dachdecker-hanika.de\/wp-content\/uploads\/2022\/02\/Zertifikat_Velux-150x150.png\" alt=\"Zertifikat Velux\" itemprop=\"image\" height=\"150\" width=\"150\" title=\"Zertifikat Velux\" onerror=\"this.style.display='none'\"  \/>\n\t\t\t\t<\/a>\n\t\tZertifikat Velux\n\t\t\t\t<a href=\"https:\/\/dachdecker-hanika.de\/wp-content\/uploads\/2022\/02\/Zertifikat_STEICOzell.png\" target=\"_self\" itemprop=\"url\" rel=\"noopener\">\n\t\t\t\t<img loading=\"lazy\" decoding=\"async\" src=\"https:\/\/dachdecker-hanika.de\/wp-content\/uploads\/2022\/02\/Zertifikat_STEICOzell-150x150.png\" alt=\"Zertifikat STEICOzell\" itemprop=\"image\" height=\"150\" width=\"150\" title=\"Zertifikat STEICOzell\" onerror=\"this.style.display='none'\"  \/>\n\t\t\t\t<\/a>\n\t\tZertifikat STEICOzell\n\t\t\t\t<a href=\"https:\/\/dachdecker-hanika.de\/wp-content\/uploads\/2022\/02\/Zertifikat-TRGS519-Asbest.png\" target=\"_self\" itemprop=\"url\" rel=\"noopener\">\n\t\t\t\t<img loading=\"lazy\" decoding=\"async\" src=\"https:\/\/dachdecker-hanika.de\/wp-content\/uploads\/2022\/02\/Zertifikat-TRGS519-Asbest-150x150.png\" alt=\"Zertifikat TRGS 519 Asbest\" itemprop=\"image\" height=\"150\" width=\"150\" title=\"Zertifikat TRGS 519 Asbest\" onerror=\"this.style.display='none'\"  \/>\n\t\t\t\t<\/a>\n\t\tZertifikat TRGS 519 Asbest\n\t\t\t\t<a href=\"https:\/\/dachdecker-hanika.de\/wp-content\/uploads\/2022\/02\/Zertifikat-Firestone-FPO-2020.png\" target=\"_self\" itemprop=\"url\" rel=\"noopener\">\n\t\t\t\t<img loading=\"lazy\" decoding=\"async\" src=\"https:\/\/dachdecker-hanika.de\/wp-content\/uploads\/2022\/02\/Zertifikat-Firestone-FPO-2020-150x150.png\" alt=\"Zertifikat Firestone\" itemprop=\"image\" height=\"150\" width=\"150\" title=\"Zertifikat Firestone\" onerror=\"this.style.display='none'\"  \/>\n\t\t\t\t<\/a>\n\t\tZertifikat Firestone\n\n","protected":false},"excerpt":{"rendered":"<div class=\"entry-summary\">\n<div class=\"entry-summary\">\nDachdeckerei Hanika Familienbetrieb seit 1889. Wir sind Ihr\u00a0kompetenter Fachmann, ob Reparatur- oder Neubauleistungen f\u00fcr Steil- und Flachd\u00e4cher, Dachentw\u00e4sserungsarbeiten in Aluminium, Zink oder Kupfer,\u00a0Gr\u00fcnd\u00e4cher, Dachfl\u00e4chenfenstereinbau, Terrassenabdichtungen,\u00a0Industried\u00e4cher. Auch im Sinne des wachsenden Umweltbewusstseins ist die Firma Ihre Adresse bei der fachgerechten Ausf\u00fchrung&hellip;\n<\/div>\n<div class=\"link-more\"><a href=\"https:\/\/dachdecker-hanika.de\/index.php\/about\/\" class=\"more-link\"><span class=\"screen-reader-text\"> &ldquo;\u00dcber uns&rdquo;<\/span> weiterlesen\u00a0&hellip;<\/a><\/div>\n<\/div>\n<div class=\"link-more\"><a href=\"https:\/\/dachdecker-hanika.de\/index.php\/about\/\" class=\"more-link\"><span class=\"screen-reader-text\"> &ldquo;\u00dcber uns&rdquo;<\/span> weiterlesen\u00a0&hellip;<\/a><\/div>\n","protected":false},"author":1,"featured_media":0,"parent":0,"menu_order":0,"comment_status":"closed","ping_status":"closed","template":"","meta":{"_acf_changed":false,"footnotes":""},"class_list":["post-8","page","type-page","status-publish","hentry","entry"],"acf":[],"_links":{"self":[{"href":"https:\/\/dachdecker-hanika.de\/index.php\/wp-json\/wp\/v2\/pages\/8","targetHints":{"allow":["GET"]}}],"collection":[{"href":"https:\/\/dachdecker-hanika.de\/index.php\/wp-json\/wp\/v2\/pages"}],"about":[{"href":"https:\/\/dachdecker-hanika.de\/index.php\/wp-json\/wp\/v2\/types\/page"}],"author":[{"embeddable":true,"href":"https:\/\/dachdecker-hanika.de\/index.php\/wp-json\/wp\/v2\/users\/1"}],"replies":[{"embeddable":true,"href":"https:\/\/dachdecker-hanika.de\/index.php\/wp-json\/wp\/v2\/comments?post=8"}],"version-history":[{"count":0,"href":"https:\/\/dachdecker-hanika.de\/index.php\/wp-json\/wp\/v2\/pages\/8\/revisions"}],"wp:attachment":[{"href":"https:\/\/dachdecker-hanika.de\/index.php\/wp-json\/wp\/v2\/media?parent=8"}],"curies":[{"name":"wp","href":"https:\/\/api.w.org\/{rel}","templated":true}]}}